{"id":2412,"date":"2025-01-23T09:23:29","date_gmt":"2025-01-23T09:23:29","guid":{"rendered":"https:\/\/zain-lab.com\/?page_id=2412"},"modified":"2025-05-13T13:37:41","modified_gmt":"2025-05-13T13:37:41","slug":"ayin-ogretmeni","status":"publish","type":"page","link":"https:\/\/zain-lab.com\/tr\/ayin-ogretmeni\/","title":{"rendered":"\u0645\u0639\u0644\u0645 \u0627\u0644\u0634\u0647\u0631"},"content":{"rendered":"<div data-elementor-type=\"wp-page\" data-elementor-id=\"2412\" class=\"elementor elementor-2412\">\n\t\t\t\t<div class=\"elementor-element elementor-element-0d83914 e-flex e-con-boxed e-con e-parent\" data-id=\"0d83914\" data-element_type=\"container\" data-e-type=\"container\">\n\t\t\t\t\t<div class=\"e-con-inner\">\n\t\t\t\t<div class=\"elementor-element elementor-element-e48e390 elementor-widget elementor-widget-ms_lms_courses\" data-id=\"e48e390\" data-element_type=\"widget\" data-e-type=\"widget\" data-settings=\"{&quot;type&quot;:&quot;featured-teacher&quot;,&quot;course_card_presets&quot;:&quot;card-style-4&quot;,&quot;slides_to_scroll&quot;:&quot;25%&quot;,&quot;slides_to_scroll_tablet&quot;:&quot;33.333333%&quot;,&quot;slides_to_scroll_mobile&quot;:&quot;100%&quot;,&quot;loop&quot;:&quot;true&quot;,&quot;cards_to_show_choice&quot;:&quot;number&quot;,&quot;cards_to_show&quot;:8,&quot;sort_by&quot;:&quot;date_high&quot;,&quot;show_category&quot;:&quot;yes&quot;,&quot;show_progress&quot;:&quot;yes&quot;,&quot;show_excerpt&quot;:&quot;yes&quot;,&quot;show_rating&quot;:&quot;yes&quot;,&quot;show_price&quot;:&quot;yes&quot;,&quot;show_slots&quot;:&quot;yes&quot;,&quot;card_slot_1&quot;:&quot;current-students&quot;,&quot;card_slot_2&quot;:&quot;views&quot;,&quot;show_wishlist&quot;:&quot;yes&quot;,&quot;featured_position&quot;:&quot;left&quot;,&quot;status_presets&quot;:&quot;status_style_1&quot;,&quot;status_position&quot;:&quot;right&quot;,&quot;show_instructor_label&quot;:&quot;yes&quot;,&quot;show_instructor_position&quot;:&quot;yes&quot;,&quot;show_instructor_bio&quot;:&quot;yes&quot;,&quot;course_image_size&quot;:{&quot;width&quot;:&quot;&quot;,&quot;height&quot;:&quot;&quot;}}\" data-widget_type=\"ms_lms_courses.default\">\n\t\t\t\t<div class=\"elementor-widget-container\">\n\t\t\t\t\t\n<div class=\"ms_lms_courses_teacher\">\n\t<div class=\"ms_lms_courses_teacher_wrapper\">\n\t\t\t\t\t\t<a\n\t\t\t\t\t\t\t\t\t\t\thref=\"https:\/\/zain-lab.com\/tr\/instructor-public-account\/1\"\n\t\t\t\t\t\t\t\t\t\tclass=\"ms_lms_courses_teacher_label\"\n\t\t\t\t>\n\t\t\t\t\tAy\u0131n \u00d6\u011fretmeni\t\t\t\t<\/a>\n\t\t\t\t\t\t\t\t<a\n\t\t\t\t\t\t\t\t\t\t\thref=\"https:\/\/zain-lab.com\/tr\/instructor-public-account\/1\"\n\t\t\t\t\t\t\t\t\t\tclass=\"ms_lms_courses_teacher_name\"\n\t\t\t\t>\n\t\t\t\t\tAdmin Of Zain-Lab\t\t\t\t<\/a>\n\t\t\t\t\t\t\t\t<span class=\"ms_lms_courses_teacher_position\">\n\t\t\t\t\tAdmin\t\t\t\t<\/span>\n\t\t\t\t\t\t\t\t<div class=\"ms_lms_courses_teacher_bio\">\n\t\t\t\t\t\u0623\u0646\u0627 \u0625\u062f\u0627\u0631\u064a \u0641\u064a \u0645\u0639\u0645\u0644 \u0632\u064a\u0646 \ud83d\udc68\u200d\ud83d\udcbb | \u0628\u0627\u062e\u062a\u0635\u0627\u0631\u060c \u0645\u0631\u0627\u0633\u0644 \u062a\u0642\u0646\u064a! \ud83d\udce3 \u0623\u0634\u0627\u0631\u0643 \u0645\u0639\u0643\u0645 \u0623\u062d\u062f\u062b \u0627\u0644\u0623\u062e\u0628\u0627\u0631 \u0648\u0627\u0644\u0646\u0635\u0627\u0626\u062d \u0627\u0644\u0639\u0645\u0644\u064a\u0629 \u0648\u0627\u0644\u0627\u062a\u062c\u0627\u0647\u0627\u062a \u0627\u0644\u0623\u0643\u062b\u0631 \u062c\u0646\u0648\u0646\u064b\u0627 \u0641\u064a \u0639\u0627\u0644\u0645 \u0627\u0644\u062a\u0643\u0646\u0648\u0644\u0648\u062c\u064a\u0627. \u0644\u0627 \u062f\u0627\u0639\u064a \u0644\u0644\u062d\u064a\u0631\u0629\u060c \u0623\u0646\u0627 \u0647\u0646\u0627! \ud83d\ude0e \u062a\u0631\u0642\u0628\u0648\u0627 \u0648\u062a\u0639\u0644\u0645\u0648\u0627 \u0643\u0644 \u0634\u064a\u0621 \u0639\u0646 \u0627\u0644\u062a\u0643\u0646\u0648\u0644\u0648\u062c\u064a\u0627! \u2728 \u062f\u0639\u0648\u0646\u0627 \u0646\u0633\u062a\u0645\u062a\u0639 \u0628\u0628\u0639\u0636 \u0627\u0644\u0645\u0631\u062d! \ud83c\udf89\t\t\t\t<\/div>\n\t\t\t\t\t\t\t<span class=\"ms_lms_courses_teacher_courses\">\n\t\t\t\t\t\u00d6\u011fretmen kurslar\u0131:\t\t\t\t<\/span>\n\t\t\t<\/div>\n\t<div class=\"ms_lms_courses_card card-style-4\">\n\t\t\t<div class=\"ms_lms_courses_card_item\">\n\t\t<div class=\"ms_lms_courses_card_item_wrapper\">\n\t\t\t\t\t\t<img decoding=\"async\" src=\"https:\/\/zain-lab.com\/wp-content\/uploads\/2024\/12\/robotik-kodlama-540x667.jpeg\" class=\"ms_lms_courses_card_item_image\">\n\t\t\t<div class=\"ms_lms_courses_card_item_info\">\n\t\t\t\t\t\t\t\t\t<span class=\"ms_lms_courses_card_item_info_category\">\n\t\t\t\t\t\t<a href=\"https:\/\/zain-lab.com\/tr\/courses\/?terms%5B%5D=9&#038;category%5B%5D=9\">\n\t\t\t\t\t\t\t\u062a\u0637\u0648\u064a\u0631 \u0627\u0644\u0631\u0648\u0628\u0648\u062a\u0627\u062a\t\t\t\t\t\t<\/a>\n\t\t\t\t\t<\/span>\n\t\t\t\t\t\t\t\t\t<a href=\"https:\/\/zain-lab.com\/tr\/courses\/robotic-coding-with-arduino\/\" class=\"ms_lms_courses_card_item_info_title\">\n\t\t\t\t\t\t<h3>\u0628\u0631\u0645\u062c\u0629 \u0627\u0644\u0631\u0648\u0628\u0648\u062a\u0627\u062a \u0628\u0627\u0633\u062a\u062e\u062f\u0627\u0645 Arduino<\/h3>\n\t\t\t\t\t<\/a>\n\t\t\t\t\n<div class=\"ms_lms_courses_card_item_info_price\">\n\t\t\t<div class=\"ms_lms_courses_card_item_info_price_single subscription\">\n\t\t\t<i class=\"stmlms-subscription\"><\/i>\n\t\t\t<span>Sadece \u00fcyeler<\/span>\n\t\t<\/div>\n\t<\/div>\n\t\t\t\t<div class=\"ms_lms_courses_card_item_info_wrapper\">\n\t\t\t\t\t\t\t\t\t\t\t<div class=\"ms_lms_courses_card_item_info_rating_wrapper\">\n\t\t\t\t\t\t\t<div class=\"ms_lms_courses_card_item_info_rating\">\n\t<div class=\"ms_lms_courses_card_item_info_rating_stars\">\n\t\t<div class=\"ms_lms_courses_card_item_info_rating_stars_filled\" style=\"width: 0%;\"><\/div>\n\t<\/div>\n\t<div class=\"ms_lms_courses_card_item_info_rating_quantity\">\n\t\t<span>0.0<\/span>\n\t<\/div>\n<\/div>\n\t\t\t\t\t\t\t\t<div class=\"ms_lms_courses_card_item_info_wishlist\">\n\t\t\t\t\t\t\t\t\t\t<div class=\"stm-lms-wishlist\">\n\t\t<a href=\"https:\/\/zain-lab.com\/tr\/user-account\/\">\n\t\t\t<i class=\"stmlms-heart-3\"><\/i>\n\t\t\t<span>\u0130stek listesine ekle<\/span>\n\t\t<\/a>\n\t<\/div>\n\t\t\t\t\t\t\t\t\t<\/div>\n\t\t\t\t\t\t\t\t\t\t\t\t\t<\/div>\n\t\t\t\t\t\t\t\t\t\t\t\t<div class=\"ms_lms_courses_card_item_info_meta\">\n\t\t\t\t\t\t\t<div class=\"ms_lms_courses_card_item_meta_block\">\n\t<i class=\"stmlms-members\"><\/i>\n<span>2<\/span>\n<\/div>\n\t\t\t\t\t\t\t\t<span class=\"ms_lms_courses_card_item_info_meta_divider\"><\/span>\n\t\t\t\t\t\t\t\t<div class=\"ms_lms_courses_card_item_meta_block\">\n\t<i class=\"stmlms-views\"><\/i>\n<span>2337<\/span>\n<\/div>\n\t\t\t\t\t\t<\/div>\n\t\t\t\t\t\t\t\t\t\t<\/div>\n\t\t\t<\/div>\n\t\t<\/div>\n\t<\/div>\n\t\t<div class=\"ms_lms_courses_card_item\">\n\t\t<div class=\"ms_lms_courses_card_item_wrapper\">\n\t\t\t\t\t\t\t<div class=\"ms_lms_courses_card_item_featured left\">\n\t\t\t\t\t<span>\u00d6ne \u00c7\u0131kan<\/span>\n\t\t\t\t<\/div>\n\t\t\t\t\t\t\t\t<div\n\t\t\t\t\t\t\t\t\t\tstyle=\"--status-background: rgba(255,0,0,1); --status-text-color: rgba(255,255,255,1);\"\n\t\t\t\t\t\t\t\t\t\tclass=\"ms_lms_courses_card_item_status status_style_1 right hot\">\n\t\t\t\t\t<span>Bug\u00fcnlerde Pop\u00fcler<\/span>\n\t\t\t\t<\/div>\n\t\t\t\t\t\t<img decoding=\"async\" src=\"https:\/\/zain-lab.com\/wp-content\/uploads\/2024\/12\/0_oV6NUnvgoOT-0tKF-540x700.jpg\" class=\"ms_lms_courses_card_item_image\">\n\t\t\t<div class=\"ms_lms_courses_card_item_info\">\n\t\t\t\t\t\t\t\t\t<span class=\"ms_lms_courses_card_item_info_category\">\n\t\t\t\t\t\t<a href=\"https:\/\/zain-lab.com\/tr\/courses\/?terms%5B%5D=11&#038;category%5B%5D=11\">\n\t\t\t\t\t\t\tPython\t\t\t\t\t\t<\/a>\n\t\t\t\t\t<\/span>\n\t\t\t\t\t\t\t\t\t<a href=\"https:\/\/zain-lab.com\/tr\/courses\/python-coding-workshop\/\" class=\"ms_lms_courses_card_item_info_title\">\n\t\t\t\t\t\t<h3>\u0648\u0631\u0634\u0629 \u0639\u0645\u0644 \u0627\u0644\u0628\u0631\u0645\u062c\u0629 \u0628\u0627\u0633\u062a\u062e\u062f\u0627\u0645 \u0628\u0627\u064a\u062b\u0648\u0646<\/h3>\n\t\t\t\t\t<\/a>\n\t\t\t\t\n<div class=\"ms_lms_courses_card_item_info_price\">\n\t\t\t<div class=\"ms_lms_courses_card_item_info_price_single subscription\">\n\t\t\t<i class=\"stmlms-subscription\"><\/i>\n\t\t\t<span>Sadece \u00fcyeler<\/span>\n\t\t<\/div>\n\t<\/div>\n\t\t\t\t<div class=\"ms_lms_courses_card_item_info_wrapper\">\n\t\t\t\t\t\t\t\t\t\t\t<div class=\"ms_lms_courses_card_item_info_excerpt\">\n\t\t\t\t\t\t\tBu kurs, Python programlama diline giri\u015f yaparak \ud83d\udc0d temel kavramlardan ileri d\u00fczey uygulamal...\t\t\t\t\t\t<\/div>\n\t\t\t\t\t\t\t\t\t\t\t\t<div class=\"ms_lms_courses_card_item_info_rating_wrapper\">\n\t\t\t\t\t\t\t<div class=\"ms_lms_courses_card_item_info_rating\">\n\t<div class=\"ms_lms_courses_card_item_info_rating_stars\">\n\t\t<div class=\"ms_lms_courses_card_item_info_rating_stars_filled\" style=\"width: 0%;\"><\/div>\n\t<\/div>\n\t<div class=\"ms_lms_courses_card_item_info_rating_quantity\">\n\t\t<span>0.0<\/span>\n\t<\/div>\n<\/div>\n\t\t\t\t\t\t\t\t<div class=\"ms_lms_courses_card_item_info_wishlist\">\n\t\t\t\t\t\t\t\t\t\t<div class=\"stm-lms-wishlist\">\n\t\t<a href=\"https:\/\/zain-lab.com\/tr\/user-account\/\">\n\t\t\t<i class=\"stmlms-heart-3\"><\/i>\n\t\t\t<span>\u0130stek listesine ekle<\/span>\n\t\t<\/a>\n\t<\/div>\n\t\t\t\t\t\t\t\t\t<\/div>\n\t\t\t\t\t\t\t\t\t\t\t\t\t<\/div>\n\t\t\t\t\t\t\t\t\t\t\t\t<div class=\"ms_lms_courses_card_item_info_meta\">\n\t\t\t\t\t\t\t<div class=\"ms_lms_courses_card_item_meta_block\">\n\t<i class=\"stmlms-members\"><\/i>\n<span>5<\/span>\n<\/div>\n\t\t\t\t\t\t\t\t<span class=\"ms_lms_courses_card_item_info_meta_divider\"><\/span>\n\t\t\t\t\t\t\t\t<div class=\"ms_lms_courses_card_item_meta_block\">\n\t<i class=\"stmlms-views\"><\/i>\n<span>2246<\/span>\n<\/div>\n\t\t\t\t\t\t<\/div>\n\t\t\t\t\t\t\t\t\t\t<\/div>\n\t\t\t<\/div>\n\t\t<\/div>\n\t<\/div>\n\t\t<\/div>\n\t<\/div>\n\t\t\t\t<\/div>\n\t\t\t\t<\/div>\n\t\t\t\t\t<\/div>\n\t\t\t\t<\/div>\n\t\t<div class=\"elementor-element elementor-element-10baf8e e-flex e-con-boxed e-con e-parent\" data-id=\"10baf8e\" data-element_type=\"container\" data-e-type=\"container\">\n\t\t\t\t\t<div class=\"e-con-inner\">\n\t\t\t\t<div class=\"elementor-element elementor-element-deaee25 elementor-widget elementor-widget-ms_lms_instructors_carousel\" data-id=\"deaee25\" data-element_type=\"widget\" data-e-type=\"widget\" data-settings=\"{&quot;slides_per_view&quot;:&quot;25%&quot;,&quot;slides_per_view_tablet&quot;:&quot;33.333333%&quot;,&quot;slides_per_view_mobile&quot;:&quot;100%&quot;,&quot;loop&quot;:&quot;true&quot;}\" data-widget_type=\"ms_lms_instructors_carousel.default\">\n\t\t\t\t<div class=\"elementor-widget-container\">\n\t\t\t\t\t\n<div class=\"ms_lms_instructors_carousel\">\n\t<div class=\"ms_lms_instructors_carousel_wrapper\">\n\t\t<div dir=\"ltr\" class=\"ms_lms_instructors_carousel__header style_1\">\n\t\t\t\t\t\t\t<h2 class=\"ms_lms_instructors_carousel__header_title\">\n\t\t\t\t\tE\u011fitmenlerimiz\t\t\t\t<\/h2>\n\t\t\t\t\t\t\t<p class=\"ms_lms_instructors_carousel__header_description\">\n\t\t\t\tYaz\u0131l\u0131m ve teknoloji alan\u0131ndaki uzmanlar\u0131m\u0131z, sana en iyi \u00f6\u011frenme deneyimini ve sekt\u00f6rde ihtiya\u00e7 duyulan becerileri kazand\u0131rmak i\u00e7in burada.\n\n\t\t\t<\/p>\n\t\t\t\t\t\t<\/div>\n\t\t\t\t\t<p class=\"ms_lms_instructors_carousel__no_results\">E\u011fitmen bulunamad\u0131<\/p>\n\t\t\t<\/div>\n<\/div>\n\t\t\t\t<\/div>\n\t\t\t\t<\/div>\n\t\t\t\t\t<\/div>\n\t\t\t\t<\/div>\n\t\t\t\t<\/div>","protected":false},"excerpt":{"rendered":"<p>Ay\u0131n \u00d6\u011fretmeni Admin Of Tech World CEO And Admin Of Tech World Tech World&#039;de Admin&#039;im \ud83d\udc68\u200d\ud83d\udcbb | Yani k\u0131saca teknoloji habercisi! \ud83d\udce3 Teknoloji d\u00fcnyas\u0131ndaki en son haberleri, en pratik ipu\u00e7lar\u0131n\u0131 ve en \u00e7\u0131lg\u0131n trendleri sizinle payla\u015f\u0131yorum. Kafan\u0131z kar\u0131\u015fmas\u0131n, ben buraday\u0131m! \ud83d\ude0e Takipte kal\u0131n ve teknolojiye dair her \u015feyi \u00f6\u011frenin! \u2728 Hadi biraz e\u011flenelim! \ud83c\udf89 \u00d6\u011fretmen<a href=\"https:\/\/zain-lab.com\/tr\/ayin-ogretmeni\/\" class=\"more-link\"><span class=\"screen-reader-text\">\u0645\u0639\u0644\u0645 \u0627\u0644\u0634\u0647\u0631<\/span><\/a><\/p>","protected":false},"author":1,"featured_media":0,"parent":0,"menu_order":0,"comment_status":"closed","ping_status":"closed","template":"","meta":{"footnotes":""},"class_list":["post-2412","page","type-page","status-publish","hentry"],"yoast_head":"<!-- This site is optimized with the Yoast SEO Premium plugin v25.0 (Yoast SEO v27.2) - https:\/\/yoast.com\/product\/yoast-seo-premium-wordpress\/ -->\n<title>\u0645\u0639\u0644\u0645 \u0627\u0644\u0634\u0647\u0631 - Zain - Lab<\/title>\n<meta name=\"robots\" content=\"index, follow, max-snippet:-1, max-image-preview:large, max-video-preview:-1\" \/>\n<link rel=\"canonical\" href=\"https:\/\/zain-lab.com\/tr\/ayin-ogretmeni\/\" \/>\n<meta property=\"og:locale\" content=\"tr_TR\" \/>\n<meta property=\"og:type\" content=\"article\" \/>\n<meta property=\"og:title\" content=\"\u0645\u0639\u0644\u0645 \u0627\u0644\u0634\u0647\u0631\" \/>\n<meta property=\"og:description\" content=\"Ay\u0131n \u00d6\u011fretmeni Admin Of Tech World CEO And Admin Of Tech World Tech World&#039;de Admin&#039;im \ud83d\udc68\u200d\ud83d\udcbb | Yani k\u0131saca teknoloji habercisi! \ud83d\udce3 Teknoloji d\u00fcnyas\u0131ndaki en son haberleri, en pratik ipu\u00e7lar\u0131n\u0131 ve en \u00e7\u0131lg\u0131n trendleri sizinle payla\u015f\u0131yorum. Kafan\u0131z kar\u0131\u015fmas\u0131n, ben buraday\u0131m! \ud83d\ude0e Takipte kal\u0131n ve teknolojiye dair her \u015feyi \u00f6\u011frenin! \u2728 Hadi biraz e\u011flenelim! \ud83c\udf89 \u00d6\u011fretmen\u0645\u0639\u0644\u0645 \u0627\u0644\u0634\u0647\u0631\" \/>\n<meta property=\"og:url\" content=\"https:\/\/zain-lab.com\/tr\/ayin-ogretmeni\/\" \/>\n<meta property=\"og:site_name\" content=\"Zain - Lab\" \/>\n<meta property=\"article:modified_time\" content=\"2025-05-13T13:37:41+00:00\" \/>\n<meta property=\"og:image\" content=\"https:\/\/zain-lab.com\/wp-content\/uploads\/2024\/12\/investing-in-a-startup-7-things-you-need-to-look-out-for-mob-540x700.png\" \/>\n<meta name=\"twitter:card\" content=\"summary_large_image\" \/>\n<meta name=\"twitter:label1\" content=\"Tahmini okuma s\u00fcresi\" \/>\n\t<meta name=\"twitter:data1\" content=\"3 dakika\" \/>\n<script type=\"application\/ld+json\" class=\"yoast-schema-graph\">{\"@context\":\"https:\/\/schema.org\",\"@graph\":[{\"@type\":\"WebPage\",\"@id\":\"https:\/\/zain-lab.com\/ayin-ogretmeni\/\",\"url\":\"https:\/\/zain-lab.com\/ayin-ogretmeni\/\",\"name\":\"\u0645\u0639\u0644\u0645 \u0627\u0644\u0634\u0647\u0631 - Zain - Lab\",\"isPartOf\":{\"@id\":\"https:\/\/zain-lab.com\/#website\"},\"primaryImageOfPage\":{\"@id\":\"https:\/\/zain-lab.com\/ayin-ogretmeni\/#primaryimage\"},\"image\":{\"@id\":\"https:\/\/zain-lab.com\/ayin-ogretmeni\/#primaryimage\"},\"thumbnailUrl\":\"https:\/\/zain-lab.com\/wp-content\/uploads\/2024\/12\/investing-in-a-startup-7-things-you-need-to-look-out-for-mob-540x700.png\",\"datePublished\":\"2025-01-23T09:23:29+00:00\",\"dateModified\":\"2025-05-13T13:37:41+00:00\",\"breadcrumb\":{\"@id\":\"https:\/\/zain-lab.com\/ayin-ogretmeni\/#breadcrumb\"},\"inLanguage\":\"tr\",\"potentialAction\":[{\"@type\":\"ReadAction\",\"target\":[\"https:\/\/zain-lab.com\/ayin-ogretmeni\/\"]}]},{\"@type\":\"ImageObject\",\"inLanguage\":\"tr\",\"@id\":\"https:\/\/zain-lab.com\/ayin-ogretmeni\/#primaryimage\",\"url\":\"https:\/\/zain-lab.com\/wp-content\/uploads\/2024\/12\/investing-in-a-startup-7-things-you-need-to-look-out-for-mob-540x700.png\",\"contentUrl\":\"https:\/\/zain-lab.com\/wp-content\/uploads\/2024\/12\/investing-in-a-startup-7-things-you-need-to-look-out-for-mob-540x700.png\"},{\"@type\":\"BreadcrumbList\",\"@id\":\"https:\/\/zain-lab.com\/ayin-ogretmeni\/#breadcrumb\",\"itemListElement\":[{\"@type\":\"ListItem\",\"position\":1,\"name\":\"Anasayfa\",\"item\":\"https:\/\/zain-lab.com\/\"},{\"@type\":\"ListItem\",\"position\":2,\"name\":\"\u0645\u0639\u0644\u0645 \u0627\u0644\u0634\u0647\u0631\"}]},{\"@type\":\"WebSite\",\"@id\":\"https:\/\/zain-lab.com\/#website\",\"url\":\"https:\/\/zain-lab.com\/\",\"name\":\"Tech World\ud83c\udf0d\",\"description\":\"\u0647\u0644 \u0623\u0646\u062a \u0645\u0633\u062a\u0639\u062f \u0644\u0644\u0642\u0627\u0621 \u0627\u0644\u062a\u0643\u0646\u0648\u0644\u0648\u062c\u064a\u0627\u061f\",\"publisher\":{\"@id\":\"https:\/\/zain-lab.com\/#organization\"},\"potentialAction\":[{\"@type\":\"SearchAction\",\"target\":{\"@type\":\"EntryPoint\",\"urlTemplate\":\"https:\/\/zain-lab.com\/?s={search_term_string}\"},\"query-input\":{\"@type\":\"PropertyValueSpecification\",\"valueRequired\":true,\"valueName\":\"search_term_string\"}}],\"inLanguage\":\"tr\"},{\"@type\":\"Organization\",\"@id\":\"https:\/\/zain-lab.com\/#organization\",\"name\":\"Tech World\ud83c\udf0d\",\"url\":\"https:\/\/zain-lab.com\/\",\"logo\":{\"@type\":\"ImageObject\",\"inLanguage\":\"tr\",\"@id\":\"https:\/\/zain-lab.com\/#\/schema\/logo\/image\/\",\"url\":\"https:\/\/zain-lab.com\/wp-content\/uploads\/2024\/09\/Tech-World-Yatay-Logo-e1732956317590.png\",\"contentUrl\":\"https:\/\/zain-lab.com\/wp-content\/uploads\/2024\/09\/Tech-World-Yatay-Logo-e1732956317590.png\",\"width\":438,\"height\":136,\"caption\":\"Tech World\ud83c\udf0d\"},\"image\":{\"@id\":\"https:\/\/zain-lab.com\/#\/schema\/logo\/image\/\"},\"sameAs\":[\"https:\/\/www.instagram.com\/tech.world.mbaai\/\"]}]}<\/script>\n<!-- \/ Yoast SEO Premium plugin. -->","yoast_head_json":{"title":"\u0645\u0639\u0644\u0645 \u0627\u0644\u0634\u0647\u0631 - Zain - Lab","robots":{"index":"index","follow":"follow","max-snippet":"max-snippet:-1","max-image-preview":"max-image-preview:large","max-video-preview":"max-video-preview:-1"},"canonical":"https:\/\/zain-lab.com\/tr\/ayin-ogretmeni\/","og_locale":"tr_TR","og_type":"article","og_title":"\u0645\u0639\u0644\u0645 \u0627\u0644\u0634\u0647\u0631","og_description":"Ay\u0131n \u00d6\u011fretmeni Admin Of Tech World CEO And Admin Of Tech World Tech World&#039;de Admin&#039;im \ud83d\udc68\u200d\ud83d\udcbb | Yani k\u0131saca teknoloji habercisi! \ud83d\udce3 Teknoloji d\u00fcnyas\u0131ndaki en son haberleri, en pratik ipu\u00e7lar\u0131n\u0131 ve en \u00e7\u0131lg\u0131n trendleri sizinle payla\u015f\u0131yorum. Kafan\u0131z kar\u0131\u015fmas\u0131n, ben buraday\u0131m! \ud83d\ude0e Takipte kal\u0131n ve teknolojiye dair her \u015feyi \u00f6\u011frenin! \u2728 Hadi biraz e\u011flenelim! \ud83c\udf89 \u00d6\u011fretmen\u0645\u0639\u0644\u0645 \u0627\u0644\u0634\u0647\u0631","og_url":"https:\/\/zain-lab.com\/tr\/ayin-ogretmeni\/","og_site_name":"Zain - Lab","article_modified_time":"2025-05-13T13:37:41+00:00","og_image":[{"url":"https:\/\/zain-lab.com\/wp-content\/uploads\/2024\/12\/investing-in-a-startup-7-things-you-need-to-look-out-for-mob-540x700.png","type":"","width":"","height":""}],"twitter_card":"summary_large_image","twitter_misc":{"Tahmini okuma s\u00fcresi":"3 dakika"},"schema":{"@context":"https:\/\/schema.org","@graph":[{"@type":"WebPage","@id":"https:\/\/zain-lab.com\/ayin-ogretmeni\/","url":"https:\/\/zain-lab.com\/ayin-ogretmeni\/","name":"\u0645\u0639\u0644\u0645 \u0627\u0644\u0634\u0647\u0631 - Zain - Lab","isPartOf":{"@id":"https:\/\/zain-lab.com\/#website"},"primaryImageOfPage":{"@id":"https:\/\/zain-lab.com\/ayin-ogretmeni\/#primaryimage"},"image":{"@id":"https:\/\/zain-lab.com\/ayin-ogretmeni\/#primaryimage"},"thumbnailUrl":"https:\/\/zain-lab.com\/wp-content\/uploads\/2024\/12\/investing-in-a-startup-7-things-you-need-to-look-out-for-mob-540x700.png","datePublished":"2025-01-23T09:23:29+00:00","dateModified":"2025-05-13T13:37:41+00:00","breadcrumb":{"@id":"https:\/\/zain-lab.com\/ayin-ogretmeni\/#breadcrumb"},"inLanguage":"tr","potentialAction":[{"@type":"ReadAction","target":["https:\/\/zain-lab.com\/ayin-ogretmeni\/"]}]},{"@type":"ImageObject","inLanguage":"tr","@id":"https:\/\/zain-lab.com\/ayin-ogretmeni\/#primaryimage","url":"https:\/\/zain-lab.com\/wp-content\/uploads\/2024\/12\/investing-in-a-startup-7-things-you-need-to-look-out-for-mob-540x700.png","contentUrl":"https:\/\/zain-lab.com\/wp-content\/uploads\/2024\/12\/investing-in-a-startup-7-things-you-need-to-look-out-for-mob-540x700.png"},{"@type":"BreadcrumbList","@id":"https:\/\/zain-lab.com\/ayin-ogretmeni\/#breadcrumb","itemListElement":[{"@type":"ListItem","position":1,"name":"Anasayfa","item":"https:\/\/zain-lab.com\/"},{"@type":"ListItem","position":2,"name":"\u0645\u0639\u0644\u0645 \u0627\u0644\u0634\u0647\u0631"}]},{"@type":"WebSite","@id":"https:\/\/zain-lab.com\/#website","url":"https:\/\/zain-lab.com\/","name":"Tech World\ud83c\udf0d","description":"\u0647\u0644 \u0623\u0646\u062a \u0645\u0633\u062a\u0639\u062f \u0644\u0644\u0642\u0627\u0621 \u0627\u0644\u062a\u0643\u0646\u0648\u0644\u0648\u062c\u064a\u0627\u061f","publisher":{"@id":"https:\/\/zain-lab.com\/#organization"},"potentialAction":[{"@type":"SearchAction","target":{"@type":"EntryPoint","urlTemplate":"https:\/\/zain-lab.com\/?s={search_term_string}"},"query-input":{"@type":"PropertyValueSpecification","valueRequired":true,"valueName":"search_term_string"}}],"inLanguage":"tr"},{"@type":"Organization","@id":"https:\/\/zain-lab.com\/#organization","name":"Tech World\ud83c\udf0d","url":"https:\/\/zain-lab.com\/","logo":{"@type":"ImageObject","inLanguage":"tr","@id":"https:\/\/zain-lab.com\/#\/schema\/logo\/image\/","url":"https:\/\/zain-lab.com\/wp-content\/uploads\/2024\/09\/Tech-World-Yatay-Logo-e1732956317590.png","contentUrl":"https:\/\/zain-lab.com\/wp-content\/uploads\/2024\/09\/Tech-World-Yatay-Logo-e1732956317590.png","width":438,"height":136,"caption":"Tech World\ud83c\udf0d"},"image":{"@id":"https:\/\/zain-lab.com\/#\/schema\/logo\/image\/"},"sameAs":["https:\/\/www.instagram.com\/tech.world.mbaai\/"]}]}},"_links":{"self":[{"href":"https:\/\/zain-lab.com\/tr\/wp-json\/wp\/v2\/pages\/2412","targetHints":{"allow":["GET"]}}],"collection":[{"href":"https:\/\/zain-lab.com\/tr\/wp-json\/wp\/v2\/pages"}],"about":[{"href":"https:\/\/zain-lab.com\/tr\/wp-json\/wp\/v2\/types\/page"}],"author":[{"embeddable":true,"href":"https:\/\/zain-lab.com\/tr\/wp-json\/wp\/v2\/users\/1"}],"replies":[{"embeddable":true,"href":"https:\/\/zain-lab.com\/tr\/wp-json\/wp\/v2\/comments?post=2412"}],"version-history":[{"count":0,"href":"https:\/\/zain-lab.com\/tr\/wp-json\/wp\/v2\/pages\/2412\/revisions"}],"wp:attachment":[{"href":"https:\/\/zain-lab.com\/tr\/wp-json\/wp\/v2\/media?parent=2412"}],"curies":[{"name":"wp","href":"https:\/\/api.w.org\/{rel}","templated":true}]}}